{"id":18,"date":"2018-02-17T18:11:37","date_gmt":"2018-02-17T17:11:37","guid":{"rendered":"http:\/\/aenzischraenzer.ch\/?page_id=18"},"modified":"2025-12-26T20:56:43","modified_gmt":"2025-12-26T19:56:43","slug":"kontakt","status":"publish","type":"page","link":"https:\/\/www.aenzischraenzer.ch\/?page_id=18","title":{"rendered":"KONTAKT"},"content":{"rendered":"<h2 style=\"text-align: center;\">Hast DU Fragen an uns?<\/h2>\n<hr \/>\n<div id=\"cc-matrix-2931035297\">\n<div id=\"cc-m-10962767797\">\n<div id=\"cc-m-textwithimage-10962767797\" data-action=\"text\" data-name=\"text\">\n<h3>\u00a0<\/h3>\n<\/div>\n<\/div>\n<\/div>\n\n\n<div class=\"wp-block-cover\"><img loading=\"lazy\" decoding=\"async\" width=\"1024\" height=\"661\" class=\"wp-block-cover__image-background wp-image-14346\" alt=\"\" src=\"https:\/\/www.aenzischraenzer.ch\/wp-content\/uploads\/2025\/12\/WhatsApp-Bild-2025-12-26-um-18.30.54_33016b36-2-1024x661.jpg\" data-object-fit=\"cover\" srcset=\"https:\/\/www.aenzischraenzer.ch\/wp-content\/uploads\/2025\/12\/WhatsApp-Bild-2025-12-26-um-18.30.54_33016b36-2-1024x661.jpg 1024w, https:\/\/www.aenzischraenzer.ch\/wp-content\/uploads\/2025\/12\/WhatsApp-Bild-2025-12-26-um-18.30.54_33016b36-2-300x194.jpg 300w, https:\/\/www.aenzischraenzer.ch\/wp-content\/uploads\/2025\/12\/WhatsApp-Bild-2025-12-26-um-18.30.54_33016b36-2-768x496.jpg 768w, https:\/\/www.aenzischraenzer.ch\/wp-content\/uploads\/2025\/12\/WhatsApp-Bild-2025-12-26-um-18.30.54_33016b36-2.jpg 1067w\" sizes=\"auto, (max-width: 1024px) 100vw, 1024px\" \/><span aria-hidden=\"true\" class=\"wp-block-cover__background has-background-dim\"><\/span><div class=\"wp-block-cover__inner-container is-layout-flow wp-block-cover-is-layout-flow\">\n<p class=\"has-text-align-center has-large-font-size\"><\/p>\n\n\n\n<p>Manuel Jenni<\/p>\n\n\n\n<p>Dorfstrasse 56<\/p>\n\n\n\n<p>6133 Hergiswil b.W.<\/p>\n\n\n\n<p>jennimanuel04@icloud.com<\/p>\n<\/div><\/div>\n\n\n\n<div class=\"wp-block-cover\"><img loading=\"lazy\" decoding=\"async\" width=\"564\" height=\"609\" class=\"wp-block-cover__image-background wp-image-14348\" alt=\"\" src=\"https:\/\/www.aenzischraenzer.ch\/wp-content\/uploads\/2025\/12\/Bob-der-Baumeister-Alt1-11.avif\" data-object-fit=\"cover\"\/><span aria-hidden=\"true\" class=\"wp-block-cover__background has-background-dim\"><\/span><div class=\"wp-block-cover__inner-container is-layout-flow wp-block-cover-is-layout-flow\">\n<p class=\"has-text-align-center has-large-font-size\"><\/p>\n\n\n\n<p>Tambourmajor<\/p>\n\n\n\n<p>Sebastian Rupp<\/p>\n<\/div><\/div>\n\n\n\n<div class=\"wp-block-cover\"><img loading=\"lazy\" decoding=\"async\" width=\"1024\" height=\"631\" class=\"wp-block-cover__image-background wp-image-14349\" alt=\"\" src=\"https:\/\/www.aenzischraenzer.ch\/wp-content\/uploads\/2025\/12\/WhatsApp-Bild-2025-12-26-um-18.30.54_1216a166-2-1024x631.jpg\" data-object-fit=\"cover\" srcset=\"https:\/\/www.aenzischraenzer.ch\/wp-content\/uploads\/2025\/12\/WhatsApp-Bild-2025-12-26-um-18.30.54_1216a166-2-1024x631.jpg 1024w, https:\/\/www.aenzischraenzer.ch\/wp-content\/uploads\/2025\/12\/WhatsApp-Bild-2025-12-26-um-18.30.54_1216a166-2-300x185.jpg 300w, https:\/\/www.aenzischraenzer.ch\/wp-content\/uploads\/2025\/12\/WhatsApp-Bild-2025-12-26-um-18.30.54_1216a166-2-768x473.jpg 768w, https:\/\/www.aenzischraenzer.ch\/wp-content\/uploads\/2025\/12\/WhatsApp-Bild-2025-12-26-um-18.30.54_1216a166-2-1140x702.jpg 1140w, https:\/\/www.aenzischraenzer.ch\/wp-content\/uploads\/2025\/12\/WhatsApp-Bild-2025-12-26-um-18.30.54_1216a166-2.jpg 1348w\" sizes=\"auto, (max-width: 1024px) 100vw, 1024px\" \/><span aria-hidden=\"true\" class=\"wp-block-cover__background has-background-dim\"><\/span><div class=\"wp-block-cover__inner-container is-layout-flow wp-block-cover-is-layout-flow\">\n<p class=\"has-text-align-center has-large-font-size\"><\/p>\n\n\n\n<p>OK Pr\u00e4sidentin Guggi F\u00e4scht<\/p>\n\n\n\n<p>Livia M\u00fchlemann<\/p>\n\n\n\n<p>livia.muehlemann@hotmail.ch<\/p>\n<\/div><\/div>\n\n\n\n<div class=\"wp-block-cover\"><img loading=\"lazy\" decoding=\"async\" width=\"1024\" height=\"702\" class=\"wp-block-cover__image-background wp-image-14350\" alt=\"\" src=\"https:\/\/www.aenzischraenzer.ch\/wp-content\/uploads\/2025\/12\/WhatsApp-Bild-2025-12-26-um-18.30.54_e1818ef0-4-1024x702.jpg\" data-object-fit=\"cover\" srcset=\"https:\/\/www.aenzischraenzer.ch\/wp-content\/uploads\/2025\/12\/WhatsApp-Bild-2025-12-26-um-18.30.54_e1818ef0-4-1024x702.jpg 1024w, https:\/\/www.aenzischraenzer.ch\/wp-content\/uploads\/2025\/12\/WhatsApp-Bild-2025-12-26-um-18.30.54_e1818ef0-4-300x206.jpg 300w, https:\/\/www.aenzischraenzer.ch\/wp-content\/uploads\/2025\/12\/WhatsApp-Bild-2025-12-26-um-18.30.54_e1818ef0-4-768x527.jpg 768w, https:\/\/www.aenzischraenzer.ch\/wp-content\/uploads\/2025\/12\/WhatsApp-Bild-2025-12-26-um-18.30.54_e1818ef0-4-1140x782.jpg 1140w, https:\/\/www.aenzischraenzer.ch\/wp-content\/uploads\/2025\/12\/WhatsApp-Bild-2025-12-26-um-18.30.54_e1818ef0-4.jpg 1172w\" sizes=\"auto, (max-width: 1024px) 100vw, 1024px\" \/><span aria-hidden=\"true\" class=\"wp-block-cover__background has-background-dim\"><\/span><div class=\"wp-block-cover__inner-container is-layout-flow wp-block-cover-is-layout-flow\">\n<p class=\"has-text-align-center has-large-font-size\"><\/p>\n\n\n\n<p>OK Pr\u00e4sidentin Guggi F\u00e4scht<\/p>\n\n\n\n<p>Nina Kunz<\/p>\n\n\n\n<p>Nina.kunz@hotmail.ch<\/p>\n<\/div><\/div>\n\n\n\n<div class=\"wp-block-cover\"><img loading=\"lazy\" decoding=\"async\" width=\"1024\" height=\"661\" class=\"wp-block-cover__image-background wp-image-14351\" alt=\"\" src=\"https:\/\/www.aenzischraenzer.ch\/wp-content\/uploads\/2025\/12\/WhatsApp-Bild-2025-12-26-um-18.30.54_451d9d70-2-1024x661.jpg\" data-object-fit=\"cover\" srcset=\"https:\/\/www.aenzischraenzer.ch\/wp-content\/uploads\/2025\/12\/WhatsApp-Bild-2025-12-26-um-18.30.54_451d9d70-2-1024x661.jpg 1024w, https:\/\/www.aenzischraenzer.ch\/wp-content\/uploads\/2025\/12\/WhatsApp-Bild-2025-12-26-um-18.30.54_451d9d70-2-300x194.jpg 300w, https:\/\/www.aenzischraenzer.ch\/wp-content\/uploads\/2025\/12\/WhatsApp-Bild-2025-12-26-um-18.30.54_451d9d70-2-768x496.jpg 768w, https:\/\/www.aenzischraenzer.ch\/wp-content\/uploads\/2025\/12\/WhatsApp-Bild-2025-12-26-um-18.30.54_451d9d70-2-1140x736.jpg 1140w, https:\/\/www.aenzischraenzer.ch\/wp-content\/uploads\/2025\/12\/WhatsApp-Bild-2025-12-26-um-18.30.54_451d9d70-2.jpg 1252w\" sizes=\"auto, (max-width: 1024px) 100vw, 1024px\" \/><span aria-hidden=\"true\" class=\"wp-block-cover__background has-background-dim\"><\/span><div class=\"wp-block-cover__inner-container is-layout-flow wp-block-cover-is-layout-flow\">\n<p class=\"has-text-align-center has-large-font-size\"><\/p>\n\n\n\n<p>Tourenplanerin<\/p>\n\n\n\n<p>Andrea Schmidiger<\/p>\n\n\n\n<p>tourenplaner.aenzi@gmail.com<\/p>\n<\/div><\/div>\n\n\n\n<div class=\"wp-block-cover\"><img loading=\"lazy\" decoding=\"async\" width=\"1024\" height=\"647\" class=\"wp-block-cover__image-background wp-image-14352\" alt=\"\" src=\"https:\/\/www.aenzischraenzer.ch\/wp-content\/uploads\/2025\/12\/WhatsApp-Bild-2025-12-26-um-18.30.54_67f4a1cd-2-1024x647.jpg\" data-object-fit=\"cover\" srcset=\"https:\/\/www.aenzischraenzer.ch\/wp-content\/uploads\/2025\/12\/WhatsApp-Bild-2025-12-26-um-18.30.54_67f4a1cd-2-1024x647.jpg 1024w, https:\/\/www.aenzischraenzer.ch\/wp-content\/uploads\/2025\/12\/WhatsApp-Bild-2025-12-26-um-18.30.54_67f4a1cd-2-300x190.jpg 300w, https:\/\/www.aenzischraenzer.ch\/wp-content\/uploads\/2025\/12\/WhatsApp-Bild-2025-12-26-um-18.30.54_67f4a1cd-2-768x485.jpg 768w, https:\/\/www.aenzischraenzer.ch\/wp-content\/uploads\/2025\/12\/WhatsApp-Bild-2025-12-26-um-18.30.54_67f4a1cd-2-1140x720.jpg 1140w, https:\/\/www.aenzischraenzer.ch\/wp-content\/uploads\/2025\/12\/WhatsApp-Bild-2025-12-26-um-18.30.54_67f4a1cd-2.jpg 1269w\" sizes=\"auto, (max-width: 1024px) 100vw, 1024px\" \/><span aria-hidden=\"true\" class=\"wp-block-cover__background has-background-dim\"><\/span><div class=\"wp-block-cover__inner-container is-layout-flow wp-block-cover-is-layout-flow\">\n<p class=\"has-text-align-center has-large-font-size\"><\/p>\n\n\n\n<p>Tourenplaner<\/p>\n\n\n\n<p>Matthias Leuenberger<\/p>\n\n\n\n<p>tourenplaner.aenzi@gmail.com<\/p>\n<\/div><\/div>\n\n\n\n<p><strong>Werde jetzt ein Mitglied von uns!<\/strong><\/p>\n\n\n\n<p>M\u00f6chtest du mit den \u00c4nzischr\u00e4nzern an die Fasnacht?<\/p>\n\n\n\n<p>Bist du schon 18. Jahre alt und spielst ein Instrument oder hast den Willen eines zu lernen?<\/p>\n\n\n\n<p>Dann melde dich bei unserem Pr\u00e4sidenten Manuel Jenni! Wir freuen uns auf dich:)<\/p>\n\n\n\n<p><\/p>\n","protected":false},"excerpt":{"rendered":"<p>Hast DU Fragen an uns? \u00a0 Werde jetzt ein Mitglied von uns! M\u00f6chtest du mit den \u00c4nzischr\u00e4nzern an die Fasnacht? Bist du schon 18. Jahre alt und spielst ein Instrument oder hast den Willen eines zu lernen? Dann melde dich bei unserem Pr\u00e4sidenten Manuel Jenni! Wir freuen uns auf dich:)<\/p>\n","protected":false},"author":2,"featured_media":0,"parent":0,"menu_order":5,"comment_status":"closed","ping_status":"closed","template":"","meta":{"footnotes":""},"class_list":["post-18","page","type-page","status-publish","hentry"],"_links":{"self":[{"href":"https:\/\/www.aenzischraenzer.ch\/index.php?rest_route=\/wp\/v2\/pages\/18","targetHints":{"allow":["GET"]}}],"collection":[{"href":"https:\/\/www.aenzischraenzer.ch\/index.php?rest_route=\/wp\/v2\/pages"}],"about":[{"href":"https:\/\/www.aenzischraenzer.ch\/index.php?rest_route=\/wp\/v2\/types\/page"}],"author":[{"embeddable":true,"href":"https:\/\/www.aenzischraenzer.ch\/index.php?rest_route=\/wp\/v2\/users\/2"}],"replies":[{"embeddable":true,"href":"https:\/\/www.aenzischraenzer.ch\/index.php?rest_route=%2Fwp%2Fv2%2Fcomments&post=18"}],"version-history":[{"count":7,"href":"https:\/\/www.aenzischraenzer.ch\/index.php?rest_route=\/wp\/v2\/pages\/18\/revisions"}],"predecessor-version":[{"id":14354,"href":"https:\/\/www.aenzischraenzer.ch\/index.php?rest_route=\/wp\/v2\/pages\/18\/revisions\/14354"}],"wp:attachment":[{"href":"https:\/\/www.aenzischraenzer.ch\/index.php?rest_route=%2Fwp%2Fv2%2Fmedia&parent=18"}],"curies":[{"name":"wp","href":"https:\/\/api.w.org\/{rel}","templated":true}]}}