{"id":228,"date":"2018-02-22T13:03:25","date_gmt":"2018-02-22T12:03:25","guid":{"rendered":"http:\/\/aenzischraenzer.ch\/?page_id=228"},"modified":"2026-03-02T17:21:29","modified_gmt":"2026-03-02T16:21:29","slug":"gruppenfotos","status":"publish","type":"page","link":"https:\/\/www.aenzischraenzer.ch\/?page_id=228","title":{"rendered":"Gruppenfotos"},"content":{"rendered":"\n<h1 class=\"wp-block-heading has-text-align-center\">Bob der Braumeister (2026)<\/h1>\n\n\n\n<figure class=\"wp-block-image size-full\"><img decoding=\"async\" src=\"https:\/\/www.aenzischraenzer.ch\/wp-content\/uploads\/2026\/03\/DSC3214-3.jpg\" alt=\"\" class=\"wp-image-15280\"\/><\/figure>\n\n\n<h1 style=\"text-align: center;\">\u00dcse Schatz de \u00c4rdbeerischnaps (2025)<\/h1>\n<h1><img loading=\"lazy\" decoding=\"async\" class=\"alignright wp-image-13588 size-large\" src=\"https:\/\/www.aenzischraenzer.ch\/wp-content\/uploads\/2025\/03\/d78b48fb-13be-4c74-82f6-2494ebfcf69b-2-1024x683.jpeg\" alt=\"\" width=\"960\" height=\"640\" srcset=\"https:\/\/www.aenzischraenzer.ch\/wp-content\/uploads\/2025\/03\/d78b48fb-13be-4c74-82f6-2494ebfcf69b-2-1024x683.jpeg 1024w, https:\/\/www.aenzischraenzer.ch\/wp-content\/uploads\/2025\/03\/d78b48fb-13be-4c74-82f6-2494ebfcf69b-2-300x200.jpeg 300w, https:\/\/www.aenzischraenzer.ch\/wp-content\/uploads\/2025\/03\/d78b48fb-13be-4c74-82f6-2494ebfcf69b-2-768x512.jpeg 768w, https:\/\/www.aenzischraenzer.ch\/wp-content\/uploads\/2025\/03\/d78b48fb-13be-4c74-82f6-2494ebfcf69b-2-1536x1024.jpeg 1536w, https:\/\/www.aenzischraenzer.ch\/wp-content\/uploads\/2025\/03\/d78b48fb-13be-4c74-82f6-2494ebfcf69b-2-1140x760.jpeg 1140w, https:\/\/www.aenzischraenzer.ch\/wp-content\/uploads\/2025\/03\/d78b48fb-13be-4c74-82f6-2494ebfcf69b-2.jpeg 1599w\" sizes=\"auto, (max-width: 960px) 100vw, 960px\" \/><\/h1>\n<h1 style=\"text-align: center;\">Kampfcheibe.ch (2024)<\/h1>\n<p><a href=\"https:\/\/www.aenzischraenzer.ch\/wp-content\/uploads\/2024\/02\/DSC0481_bearbeitet.jpg\"><img loading=\"lazy\" decoding=\"async\" class=\"alignnone wp-image-11226 size-full\" src=\"https:\/\/www.aenzischraenzer.ch\/wp-content\/uploads\/2024\/02\/DSC0481_bearbeitet.jpg\" alt=\"\" width=\"1200\" height=\"800\" \/><\/a><\/p>\n<h1 style=\"text-align: center;\">\u00c4nzianer (2023)<\/h1>\n<p><a href=\"https:\/\/www.aenzischraenzer.ch\/wp-content\/uploads\/2023\/02\/DSC8777-4.jpg\"><img loading=\"lazy\" decoding=\"async\" class=\"alignnone wp-image-9294 size-large\" src=\"https:\/\/www.aenzischraenzer.ch\/wp-content\/uploads\/2023\/02\/DSC8777-4-1024x682.jpg\" alt=\"\" width=\"960\" height=\"639\" srcset=\"https:\/\/www.aenzischraenzer.ch\/wp-content\/uploads\/2023\/02\/DSC8777-4-1024x682.jpg 1024w, https:\/\/www.aenzischraenzer.ch\/wp-content\/uploads\/2023\/02\/DSC8777-4-300x200.jpg 300w, https:\/\/www.aenzischraenzer.ch\/wp-content\/uploads\/2023\/02\/DSC8777-4-768x512.jpg 768w, https:\/\/www.aenzischraenzer.ch\/wp-content\/uploads\/2023\/02\/DSC8777-4-1536x1024.jpg 1536w, https:\/\/www.aenzischraenzer.ch\/wp-content\/uploads\/2023\/02\/DSC8777-4-1140x760.jpg 1140w, https:\/\/www.aenzischraenzer.ch\/wp-content\/uploads\/2023\/02\/DSC8777-4.jpg 2000w\" sizes=\"auto, (max-width: 960px) 100vw, 960px\" \/><\/a><\/p>\n<h1 style=\"text-align: center;\">\u00c4nzianer (2021 | 2022)<\/h1>\n<p><a href=\"https:\/\/www.aenzischraenzer.ch\/wp-content\/uploads\/2022\/03\/DSC5441-2.jpg\"><img loading=\"lazy\" decoding=\"async\" class=\"alignnone wp-image-8097 size-large\" src=\"https:\/\/www.aenzischraenzer.ch\/wp-content\/uploads\/2022\/03\/DSC5441-2-1024x683.jpg\" alt=\"\" width=\"960\" height=\"640\" srcset=\"https:\/\/www.aenzischraenzer.ch\/wp-content\/uploads\/2022\/03\/DSC5441-2-1024x683.jpg 1024w, https:\/\/www.aenzischraenzer.ch\/wp-content\/uploads\/2022\/03\/DSC5441-2-300x200.jpg 300w, https:\/\/www.aenzischraenzer.ch\/wp-content\/uploads\/2022\/03\/DSC5441-2-768x512.jpg 768w, https:\/\/www.aenzischraenzer.ch\/wp-content\/uploads\/2022\/03\/DSC5441-2-1140x760.jpg 1140w, https:\/\/www.aenzischraenzer.ch\/wp-content\/uploads\/2022\/03\/DSC5441-2.jpg 1200w\" sizes=\"auto, (max-width: 960px) 100vw, 960px\" \/><\/a><\/p>\n<h1 style=\"text-align: center;\">GrenaTier (2020)<\/h1>\n<p><a href=\"https:\/\/www.aenzischraenzer.ch\/wp-content\/uploads\/2020\/02\/DSC1826-1.jpg\"><img loading=\"lazy\" decoding=\"async\" class=\"alignnone wp-image-6103\" src=\"https:\/\/www.aenzischraenzer.ch\/wp-content\/uploads\/2020\/02\/DSC1826-1-300x200.jpg\" alt=\"\" width=\"900\" height=\"600\" srcset=\"https:\/\/www.aenzischraenzer.ch\/wp-content\/uploads\/2020\/02\/DSC1826-1-300x200.jpg 300w, https:\/\/www.aenzischraenzer.ch\/wp-content\/uploads\/2020\/02\/DSC1826-1-768x512.jpg 768w, https:\/\/www.aenzischraenzer.ch\/wp-content\/uploads\/2020\/02\/DSC1826-1-1024x683.jpg 1024w, https:\/\/www.aenzischraenzer.ch\/wp-content\/uploads\/2020\/02\/DSC1826-1-1140x760.jpg 1140w\" sizes=\"auto, (max-width: 900px) 100vw, 900px\" \/><\/a><\/p>\n<h1 style=\"text-align: center;\">Fasnacht of 89 (2019)<\/h1>\n<p><a href=\"https:\/\/www.aenzischraenzer.ch\/wp-content\/uploads\/2019\/03\/DSC00376.jpg\"><img loading=\"lazy\" decoding=\"async\" class=\"alignnone wp-image-4389 size-full\" src=\"https:\/\/www.aenzischraenzer.ch\/wp-content\/uploads\/2019\/03\/DSC00376.jpg\" alt=\"\" width=\"900\" height=\"600\" srcset=\"https:\/\/www.aenzischraenzer.ch\/wp-content\/uploads\/2019\/03\/DSC00376.jpg 900w, https:\/\/www.aenzischraenzer.ch\/wp-content\/uploads\/2019\/03\/DSC00376-300x200.jpg 300w, https:\/\/www.aenzischraenzer.ch\/wp-content\/uploads\/2019\/03\/DSC00376-768x512.jpg 768w\" sizes=\"auto, (max-width: 900px) 100vw, 900px\" \/><\/a><\/p>\n<h1 style=\"text-align: center;\">Dra&#8217;kuh&#8217;la (2018)<\/h1>\nDie Galerie wurde nicht gefunden!\n<h1 style=\"text-align: center;\">W\u00f6udi Horde usem Norde (2017)<\/h1>\n<p><a href=\"https:\/\/aenzischraenzer.ch\/wp-content\/uploads\/2018\/02\/2017.jpg\"><img loading=\"lazy\" decoding=\"async\" class=\"alignnone wp-image-231 size-full\" src=\"https:\/\/aenzischraenzer.ch\/wp-content\/uploads\/2018\/02\/2017.jpg\" alt=\"\" width=\"960\" height=\"633\" srcset=\"https:\/\/www.aenzischraenzer.ch\/wp-content\/uploads\/2018\/02\/2017.jpg 960w, https:\/\/www.aenzischraenzer.ch\/wp-content\/uploads\/2018\/02\/2017-500x330.jpg 500w, https:\/\/www.aenzischraenzer.ch\/wp-content\/uploads\/2018\/02\/2017-300x198.jpg 300w, https:\/\/www.aenzischraenzer.ch\/wp-content\/uploads\/2018\/02\/2017-768x506.jpg 768w\" sizes=\"auto, (max-width: 960px) 100vw, 960px\" \/><\/a><\/p>\n<h1 style=\"text-align: center;\">Steampunk (2016)<\/h1>\n<p><a href=\"https:\/\/aenzischraenzer.ch\/wp-content\/uploads\/2018\/02\/2016.jpg\"><img loading=\"lazy\" decoding=\"async\" class=\"alignnone wp-image-230 size-full\" src=\"https:\/\/aenzischraenzer.ch\/wp-content\/uploads\/2018\/02\/2016.jpg\" alt=\"\" width=\"960\" height=\"720\" srcset=\"https:\/\/www.aenzischraenzer.ch\/wp-content\/uploads\/2018\/02\/2016.jpg 960w, https:\/\/www.aenzischraenzer.ch\/wp-content\/uploads\/2018\/02\/2016-300x225.jpg 300w, https:\/\/www.aenzischraenzer.ch\/wp-content\/uploads\/2018\/02\/2016-768x576.jpg 768w, https:\/\/www.aenzischraenzer.ch\/wp-content\/uploads\/2018\/02\/2016-678x509.jpg 678w, https:\/\/www.aenzischraenzer.ch\/wp-content\/uploads\/2018\/02\/2016-326x245.jpg 326w, https:\/\/www.aenzischraenzer.ch\/wp-content\/uploads\/2018\/02\/2016-80x60.jpg 80w\" sizes=\"auto, (max-width: 960px) 100vw, 960px\" \/><\/a><\/p>\n<p>&nbsp;<\/p>\n<h1 style=\"text-align: center;\">Tierisch Irisch (2015)<\/h1>\n<p><a href=\"https:\/\/aenzischraenzer.ch\/wp-content\/uploads\/2018\/02\/2015.jpg\"><img loading=\"lazy\" decoding=\"async\" class=\"alignnone wp-image-229\" src=\"https:\/\/aenzischraenzer.ch\/wp-content\/uploads\/2018\/02\/2015.jpg\" alt=\"\" width=\"960\" height=\"630\" srcset=\"https:\/\/www.aenzischraenzer.ch\/wp-content\/uploads\/2018\/02\/2015.jpg 562w, https:\/\/www.aenzischraenzer.ch\/wp-content\/uploads\/2018\/02\/2015-300x197.jpg 300w\" sizes=\"auto, (max-width: 960px) 100vw, 960px\" \/><\/a><\/p>\n\n\n<p><\/p>\n","protected":false},"excerpt":{"rendered":"<p>Bob der Braumeister (2026) \u00dcse Schatz de \u00c4rdbeerischnaps (2025) Kampfcheibe.ch (2024) \u00c4nzianer (2023) \u00c4nzianer (2021 | 2022) GrenaTier (2020) Fasnacht of 89 (2019) Dra&#8217;kuh&#8217;la (2018) W\u00f6udi Horde usem Norde (2017) Steampunk (2016) &nbsp; Tierisch Irisch (2015)<\/p>\n","protected":false},"author":2,"featured_media":0,"parent":57,"menu_order":30,"comment_status":"closed","ping_status":"closed","template":"","meta":{"footnotes":""},"class_list":["post-228","page","type-page","status-publish","hentry"],"_links":{"self":[{"href":"https:\/\/www.aenzischraenzer.ch\/index.php?rest_route=\/wp\/v2\/pages\/228","targetHints":{"allow":["GET"]}}],"collection":[{"href":"https:\/\/www.aenzischraenzer.ch\/index.php?rest_route=\/wp\/v2\/pages"}],"about":[{"href":"https:\/\/www.aenzischraenzer.ch\/index.php?rest_route=\/wp\/v2\/types\/page"}],"author":[{"embeddable":true,"href":"https:\/\/www.aenzischraenzer.ch\/index.php?rest_route=\/wp\/v2\/users\/2"}],"replies":[{"embeddable":true,"href":"https:\/\/www.aenzischraenzer.ch\/index.php?rest_route=%2Fwp%2Fv2%2Fcomments&post=228"}],"version-history":[{"count":4,"href":"https:\/\/www.aenzischraenzer.ch\/index.php?rest_route=\/wp\/v2\/pages\/228\/revisions"}],"predecessor-version":[{"id":15284,"href":"https:\/\/www.aenzischraenzer.ch\/index.php?rest_route=\/wp\/v2\/pages\/228\/revisions\/15284"}],"up":[{"embeddable":true,"href":"https:\/\/www.aenzischraenzer.ch\/index.php?rest_route=\/wp\/v2\/pages\/57"}],"wp:attachment":[{"href":"https:\/\/www.aenzischraenzer.ch\/index.php?rest_route=%2Fwp%2Fv2%2Fmedia&parent=228"}],"curies":[{"name":"wp","href":"https:\/\/api.w.org\/{rel}","templated":true}]}}