{"id":322,"date":"2018-02-22T20:08:55","date_gmt":"2018-02-22T19:08:55","guid":{"rendered":"http:\/\/aenzischraenzer.ch\/?page_id=322"},"modified":"2018-11-14T21:47:19","modified_gmt":"2018-11-14T20:47:19","slug":"1989-wie-alles-begann","status":"publish","type":"page","link":"https:\/\/www.aenzischraenzer.ch\/?page_id=322","title":{"rendered":"1989 Wie alles begann&#8230;"},"content":{"rendered":"<p class=\"fett\"><strong>Die Gr\u00fcndung der \u00c4nzischr\u00e4nzer Hergiswil am Napf<\/strong><\/p>\n<p>Im Fr\u00fchjahr 1989 sagten sich einige Hergiswiler Jugendliche:<\/p>\n<p>\u00abSo jetzt esch fertig met dere l\u00e4ngwilige Fasnacht z Hergiswil &#8211; jetzt wird en Guuggenmusig gr\u00f6ndet\u00bb.<\/p>\n<p>Der Entschluss stand fest und daran war nicht mehr zu r\u00fctteln. Kathrin und Brigitte Christen ergriffen die Initiative und organisierten am 9. Juli 1989 einen Info-Abend. An diesem Info-Abend trafen sich alle interessierten und motivierten Hergiswiler, um etwas Neues auf die Beine zu stellen. Als weiterer Schritt wurde ein Gr\u00fcndungs-OK einberufen (Kathrin Christen, Matthias Schwegler, M\u00e4gi Graber, Erika Dubach und Thomas Christen). Nach einigen Sitzungen war man so weit, und am 9. September 1989 fand im Gasthaus Kreuz in Hergiswil die Gr\u00fcndungsversammlung statt.<\/p>\n<p>Zuerst musste f\u00fcr den neuen Verein ein passender Name gefunden werden. Als Vorschl\u00e4ge standen \u00ab\u00c4nzischr\u00e4nzer\u00bb und \u00abCh\u00e4llergeischter\u00bb zur Auswahl. Nach reger Diskussion wurde der Name \u00ab\u00c4nzischr\u00e4nzer\u00bb gew\u00e4hlt.<\/p>\n<p class=\"fett\">Der Gr\u00fcndungsvorstand wurde wie folgt gew\u00e4hlt:<\/p>\n<table border=\"0\" cellpadding=\"0\" align=\"\">\n<tbody>\n<tr>\n<td width=\"143\">Pr\u00e4sidentin:<\/td>\n<td width=\"174\">Luzia Dubach<\/td>\n<\/tr>\n<tr>\n<td width=\"143\">Vize-Pr\u00e4sident:<\/td>\n<td width=\"174\">Matthias Schwegler<\/td>\n<\/tr>\n<tr>\n<td width=\"143\">Aktuarin:<\/td>\n<td width=\"174\">M\u00e4gi Graber<\/td>\n<\/tr>\n<tr>\n<td width=\"143\">Kassierin:<\/td>\n<td width=\"174\">Erika Dubach<\/td>\n<\/tr>\n<tr>\n<td width=\"143\">Chefin Basteln:<\/td>\n<td width=\"174\">Kathrin Christen<\/td>\n<\/tr>\n<tr>\n<td width=\"143\">Beisitzer:<\/td>\n<td width=\"174\">Thomas Christen<\/td>\n<\/tr>\n<tr>\n<td width=\"143\">Tambourmajor:<\/td>\n<td width=\"174\">Gregor Kunz<\/td>\n<\/tr>\n<\/tbody>\n<\/table>\n<p class=\"fett\">Der neue Verein z\u00e4hlte folgende 24 Gr\u00fcndermitglieder:<\/p>\n<p>Luzia Dubach, Pia Dubach, Erika Dubach, Claudia Bammert, Peter Buob, Roland Christen, Thomas Christen, Brigitte Christen, Kathrin Christen, M\u00e4gi Graber, Bruno Gr\u00fcter, Pius Hodel, Gregor Kunz, Rahel Kunz, Claudia Marti, Claudia M\u00fcller, Claudia Roos, Urs Sch\u00e4rli, Priska Schumacher, Matthias Schwegler, Beat Staffelbach, Peter R\u00f6lli, Pius Wechsler, Matthias Wermelinger, Vreny Wermelinger und Karin Wipr\u00e4chtiger.<\/p>\n<p>Mit der ersten Probe am 17. Oktober 1989 war auch der letzte Zweifel beseitigt, dass die Hergiswiler Fasnacht in Zukunft lebhafter sein wird. Schon damals sah und h\u00f6rte man, dass die kommende Fasnacht ein Erfolg werden musste und zwar nicht nur, was das Spielen, sondern auch, was das Festen betraf.<\/p>\n","protected":false},"excerpt":{"rendered":"<p>Die Gr\u00fcndung der \u00c4nzischr\u00e4nzer Hergiswil am Napf Im Fr\u00fchjahr 1989 sagten sich einige Hergiswiler Jugendliche: \u00abSo jetzt esch fertig met dere l\u00e4ngwilige Fasnacht z Hergiswil &#8211; jetzt wird en Guuggenmusig gr\u00f6ndet\u00bb. Der Entschluss stand fest und daran war nicht mehr zu r\u00fctteln. Kathrin und Brigitte Christen ergriffen die Initiative und organisierten am 9. Juli 1989 einen Info-Abend. An diesem Info-Abend trafen sich alle interessierten und motivierten Hergiswiler, um etwas Neues auf die Beine zu stellen. Als weiterer Schritt wurde ein Gr\u00fcndungs-OK einberufen (Kathrin Christen, Matthias Schwegler, M\u00e4gi Graber, Erika Dubach und Thomas Christen). Nach einigen Sitzungen war man so weit, und am 9. September 1989 fand im Gasthaus Kreuz in Hergiswil die Gr\u00fcndungsversammlung statt. Zuerst musste f\u00fcr den neuen Verein ein passender Name gefunden werden. Als Vorschl\u00e4ge standen \u00ab\u00c4nzischr\u00e4nzer\u00bb und \u00abCh\u00e4llergeischter\u00bb zur Auswahl. Nach reger Diskussion wurde der Name \u00ab\u00c4nzischr\u00e4nzer\u00bb gew\u00e4hlt. Der Gr\u00fcndungsvorstand wurde wie folgt gew\u00e4hlt: Pr\u00e4sidentin: Luzia Dubach Vize-Pr\u00e4sident: Matthias Schwegler Aktuarin: M\u00e4gi Graber Kassierin: Erika Dubach Chefin Basteln: Kathrin Christen Beisitzer: Thomas Christen Tambourmajor: Gregor Kunz Der neue Verein z\u00e4hlte folgende 24 Gr\u00fcndermitglieder: Luzia Dubach, Pia Dubach, Erika Dubach, Claudia Bammert, Peter Buob, Roland Christen, Thomas Christen, Brigitte Christen, Kathrin Christen, M\u00e4gi Graber, Bruno Gr\u00fcter, Pius Hodel, Gregor Kunz, Rahel Kunz, Claudia Marti, Claudia M\u00fcller, Claudia Roos, Urs Sch\u00e4rli, Priska Schumacher, Matthias Schwegler, Beat Staffelbach, Peter R\u00f6lli, Pius Wechsler, Matthias Wermelinger, Vreny Wermelinger und Karin Wipr\u00e4chtiger. Mit der ersten Probe am 17. Oktober 1989 war auch der letzte Zweifel beseitigt, dass die Hergiswiler Fasnacht in Zukunft lebhafter sein wird. Schon damals sah und h\u00f6rte man, dass die kommende Fasnacht ein Erfolg werden musste und zwar nicht nur, was das Spielen, sondern auch, was das Festen betraf.<\/p>\n","protected":false},"author":2,"featured_media":0,"parent":2413,"menu_order":1,"comment_status":"closed","ping_status":"closed","template":"","meta":{"footnotes":""},"class_list":["post-322","page","type-page","status-publish","hentry"],"_links":{"self":[{"href":"https:\/\/www.aenzischraenzer.ch\/index.php?rest_route=\/wp\/v2\/pages\/322","targetHints":{"allow":["GET"]}}],"collection":[{"href":"https:\/\/www.aenzischraenzer.ch\/index.php?rest_route=\/wp\/v2\/pages"}],"about":[{"href":"https:\/\/www.aenzischraenzer.ch\/index.php?rest_route=\/wp\/v2\/types\/page"}],"author":[{"embeddable":true,"href":"https:\/\/www.aenzischraenzer.ch\/index.php?rest_route=\/wp\/v2\/users\/2"}],"replies":[{"embeddable":true,"href":"https:\/\/www.aenzischraenzer.ch\/index.php?rest_route=%2Fwp%2Fv2%2Fcomments&post=322"}],"version-history":[{"count":0,"href":"https:\/\/www.aenzischraenzer.ch\/index.php?rest_route=\/wp\/v2\/pages\/322\/revisions"}],"up":[{"embeddable":true,"href":"https:\/\/www.aenzischraenzer.ch\/index.php?rest_route=\/wp\/v2\/pages\/2413"}],"wp:attachment":[{"href":"https:\/\/www.aenzischraenzer.ch\/index.php?rest_route=%2Fwp%2Fv2%2Fmedia&parent=322"}],"curies":[{"name":"wp","href":"https:\/\/api.w.org\/{rel}","templated":true}]}}