{"id":8055,"date":"2022-03-02T20:50:57","date_gmt":"2022-03-02T19:50:57","guid":{"rendered":"https:\/\/www.aenzischraenzer.ch\/?page_id=8055"},"modified":"2022-03-02T20:55:47","modified_gmt":"2022-03-02T19:55:47","slug":"fasnacht-22","status":"publish","type":"page","link":"https:\/\/www.aenzischraenzer.ch\/?page_id=8055","title":{"rendered":"Fasnacht"},"content":{"rendered":"<h3 style=\"text-align: center;\"><a href=\"https:\/\/www.aenzischraenzer.ch\/?page_id=7631\">Grunzerparty Ebersecken<\/a><\/h3>\n<h3 style=\"text-align: center;\"><a href=\"https:\/\/www.aenzischraenzer.ch\/?page_id=7764\">Henderl\u00e4nder Guggete Ebersecken<\/a><\/h3>\n<h3 style=\"text-align: center;\"><a href=\"https:\/\/www.aenzischraenzer.ch\/?page_id=8016\">Schlossruuggerball Altishofen<\/a><\/h3>\n<h3 style=\"text-align: center;\"><a href=\"https:\/\/www.aenzischraenzer.ch\/?page_id=8018\">Schmudo &#8211; Tagwache, St\u00e4ndlitour, Umzug Ufhusen<\/a><\/h3>\n<h3 style=\"text-align: center;\"><a href=\"https:\/\/www.aenzischraenzer.ch\/?page_id=8020\">Freitag &#8211; St\u00e4ndlitour, Kinderfasnacht, F\u00fcrobebierparty Fischbach<\/a><\/h3>\n<h3 style=\"text-align: center;\"><a href=\"https:\/\/www.aenzischraenzer.ch\/?page_id=8022\">Samstag &#8211; St\u00e4ndlitour, Tanneschleipfete, Rattenball Triengen<\/a><\/h3>\n<h3 style=\"text-align: center;\"><a href=\"https:\/\/www.aenzischraenzer.ch\/?page_id=8024\">Sonntag &#8211; Fasnachtsgottesdienst, St\u00e4ndli<\/a><\/h3>\n<h3 style=\"text-align: center;\"><a href=\"https:\/\/www.aenzischraenzer.ch\/?page_id=8032\">Dienstag &#8211; Uslompete Luthern<\/a><\/h3>\n<h3 style=\"text-align: center;\"><\/h3>\n","protected":false},"excerpt":{"rendered":"<p>Grunzerparty Ebersecken Henderl\u00e4nder Guggete Ebersecken Schlossruuggerball Altishofen Schmudo &#8211; Tagwache, St\u00e4ndlitour, Umzug Ufhusen Freitag &#8211; St\u00e4ndlitour, Kinderfasnacht, F\u00fcrobebierparty Fischbach Samstag &#8211; St\u00e4ndlitour, Tanneschleipfete, Rattenball Triengen Sonntag &#8211; Fasnachtsgottesdienst, St\u00e4ndli Dienstag &#8211; Uslompete Luthern<\/p>\n","protected":false},"author":2,"featured_media":0,"parent":7335,"menu_order":0,"comment_status":"closed","ping_status":"closed","template":"","meta":{"footnotes":""},"class_list":["post-8055","page","type-page","status-publish","hentry"],"_links":{"self":[{"href":"https:\/\/www.aenzischraenzer.ch\/index.php?rest_route=\/wp\/v2\/pages\/8055","targetHints":{"allow":["GET"]}}],"collection":[{"href":"https:\/\/www.aenzischraenzer.ch\/index.php?rest_route=\/wp\/v2\/pages"}],"about":[{"href":"https:\/\/www.aenzischraenzer.ch\/index.php?rest_route=\/wp\/v2\/types\/page"}],"author":[{"embeddable":true,"href":"https:\/\/www.aenzischraenzer.ch\/index.php?rest_route=\/wp\/v2\/users\/2"}],"replies":[{"embeddable":true,"href":"https:\/\/www.aenzischraenzer.ch\/index.php?rest_route=%2Fwp%2Fv2%2Fcomments&post=8055"}],"version-history":[{"count":0,"href":"https:\/\/www.aenzischraenzer.ch\/index.php?rest_route=\/wp\/v2\/pages\/8055\/revisions"}],"up":[{"embeddable":true,"href":"https:\/\/www.aenzischraenzer.ch\/index.php?rest_route=\/wp\/v2\/pages\/7335"}],"wp:attachment":[{"href":"https:\/\/www.aenzischraenzer.ch\/index.php?rest_route=%2Fwp%2Fv2%2Fmedia&parent=8055"}],"curies":[{"name":"wp","href":"https:\/\/api.w.org\/{rel}","templated":true}]}}