{"id":9024,"date":"2023-02-17T16:29:30","date_gmt":"2023-02-17T15:29:30","guid":{"rendered":"https:\/\/www.aenzischraenzer.ch\/?page_id=9024"},"modified":"2023-02-25T14:10:54","modified_gmt":"2023-02-25T13:10:54","slug":"fasnacht","status":"publish","type":"page","link":"https:\/\/www.aenzischraenzer.ch\/?page_id=9024","title":{"rendered":"Fasnacht"},"content":{"rendered":"<h3 style=\"text-align: center;\"><a href=\"https:\/\/www.aenzischraenzer.ch\/?page_id=8016\">Schlussruugerball Altishofen<\/a><\/h3>\n<h3 style=\"text-align: center;\"><a href=\"https:\/\/www.aenzischraenzer.ch\/?page_id=9028\">Tagwache, Guggerparty Escholzmatt<\/a><\/h3>\n<h3 style=\"text-align: center;\"><a href=\"https:\/\/www.aenzischraenzer.ch\/?page_id=9176\">St\u00e4ndli, Fashing Party Night Grosswangen<\/a><\/h3>\n<h3 style=\"text-align: center;\"><a href=\"https:\/\/www.aenzischraenzer.ch\/?page_id=9178\">St\u00e4ndli, Tanneschleipfete Hergiswil, Guggertr\u00e4ffe Escholzmatt<\/a><\/h3>\n<h3 style=\"text-align: center;\"><a href=\"https:\/\/www.aenzischraenzer.ch\/?page_id=9180\">Kirche, Umzug Altishofen, GuggAir Oberkirch<\/a><\/h3>\n<h3 style=\"text-align: center;\"><a href=\"https:\/\/www.aenzischraenzer.ch\/?page_id=9182\">Kinderfasnacht Hergsiwil<\/a><\/h3>\n<h3 style=\"text-align: center;\"><a href=\"https:\/\/www.aenzischraenzer.ch\/?page_id=9184\">Umzug Doppleschwand, Uslompete Ebnet\u00a0<\/a><\/h3>\n","protected":false},"excerpt":{"rendered":"<p>Schlussruugerball Altishofen Tagwache, Guggerparty Escholzmatt St\u00e4ndli, Fashing Party Night Grosswangen St\u00e4ndli, Tanneschleipfete Hergiswil, Guggertr\u00e4ffe Escholzmatt Kirche, Umzug Altishofen, GuggAir Oberkirch Kinderfasnacht Hergsiwil Umzug Doppleschwand, Uslompete Ebnet\u00a0<\/p>\n","protected":false},"author":2,"featured_media":0,"parent":8108,"menu_order":0,"comment_status":"closed","ping_status":"closed","template":"","meta":{"footnotes":""},"class_list":["post-9024","page","type-page","status-publish","hentry"],"_links":{"self":[{"href":"https:\/\/www.aenzischraenzer.ch\/index.php?rest_route=\/wp\/v2\/pages\/9024","targetHints":{"allow":["GET"]}}],"collection":[{"href":"https:\/\/www.aenzischraenzer.ch\/index.php?rest_route=\/wp\/v2\/pages"}],"about":[{"href":"https:\/\/www.aenzischraenzer.ch\/index.php?rest_route=\/wp\/v2\/types\/page"}],"author":[{"embeddable":true,"href":"https:\/\/www.aenzischraenzer.ch\/index.php?rest_route=\/wp\/v2\/users\/2"}],"replies":[{"embeddable":true,"href":"https:\/\/www.aenzischraenzer.ch\/index.php?rest_route=%2Fwp%2Fv2%2Fcomments&post=9024"}],"version-history":[{"count":0,"href":"https:\/\/www.aenzischraenzer.ch\/index.php?rest_route=\/wp\/v2\/pages\/9024\/revisions"}],"up":[{"embeddable":true,"href":"https:\/\/www.aenzischraenzer.ch\/index.php?rest_route=\/wp\/v2\/pages\/8108"}],"wp:attachment":[{"href":"https:\/\/www.aenzischraenzer.ch\/index.php?rest_route=%2Fwp%2Fv2%2Fmedia&parent=9024"}],"curies":[{"name":"wp","href":"https:\/\/api.w.org\/{rel}","templated":true}]}}